{"id":4282,"date":"2023-06-04T14:38:06","date_gmt":"2023-06-04T12:38:06","guid":{"rendered":"https:\/\/www.vicariosrl.com\/products\/shower-drains\/"},"modified":"2024-08-26T17:13:11","modified_gmt":"2024-08-26T15:13:11","slug":"shower-drains","status":"publish","type":"page","link":"https:\/\/www.vicariosrl.com\/en\/products\/shower-drains\/","title":{"rendered":"Shower drains"},"content":{"rendered":"<p>[et_pb_section fb_built=&#8221;1&#8243; _builder_version=&#8221;4.21.0&#8243; _module_preset=&#8221;default&#8221; global_colors_info=&#8221;{}&#8221;][et_pb_row admin_label=&#8221;Page title&#8221; _builder_version=&#8221;4.21.0&#8243; _module_preset=&#8221;default&#8221; custom_padding=&#8221;34px||0px|||&#8221; global_colors_info=&#8221;{}&#8221;][et_pb_column type=&#8221;4_4&#8243; _builder_version=&#8221;4.21.0&#8243; _module_preset=&#8221;default&#8221; global_colors_info=&#8221;{}&#8221;][et_pb_text _builder_version=&#8221;4.21.0&#8243; _module_preset=&#8221;default&#8221; text_text_color=&#8221;#000000&#8243; text_font_size=&#8221;22px&#8221; global_colors_info=&#8221;{}&#8221;]<\/p>\n<h1 style=\"text-align: center;\">SHOWER DRAINS<\/h1>\n<p>[\/et_pb_text][\/et_pb_column][\/et_pb_row][\/et_pb_section][et_pb_section fb_built=&#8221;1&#8243; _builder_version=&#8221;4.21.0&#8243; _module_preset=&#8221;default&#8221; custom_padding=&#8221;||0px|||&#8221; collapsed=&#8221;on&#8221; global_colors_info=&#8221;{}&#8221;][et_pb_row column_structure=&#8221;1_4,1_4,1_4,1_4&#8243; admin_label=&#8221;products&#8221; _builder_version=&#8221;4.21.0&#8243; _module_preset=&#8221;default&#8221; collapsed=&#8221;off&#8221; global_colors_info=&#8221;{}&#8221;][et_pb_column type=&#8221;1_4&#8243; _builder_version=&#8221;4.21.0&#8243; _module_preset=&#8221;default&#8221; global_colors_info=&#8221;{}&#8221;][et_pb_blurb title=&#8221;826&#8243; image=&#8221;https:\/\/www.vicariosrl.com\/wp-content\/uploads\/2023\/06\/piletta-doccia-shower-drain-826.jpg&#8221; alt=&#8221;shower drain&#8221; _builder_version=&#8221;4.23&#8243; _dynamic_attributes=&#8221;link_option_url&#8221; _module_preset=&#8221;default&#8221; header_level=&#8221;h5&#8243; header_text_align=&#8221;center&#8221; header_text_color=&#8221;#000000&#8243; header_line_height=&#8221;1.2em&#8221; link_option_url=&#8221;@ET-DC@eyJkeW5hbWljIjp0cnVlLCJjb250ZW50IjoicG9zdF9saW5rX3VybF9wYWdlIiwic2V0dGluZ3MiOnsicG9zdF9pZCI6IjE0MjUifX0=@&#8221; global_colors_info=&#8221;{}&#8221;]<\/p>\n<p style=\"text-align: center;\">WASTE WITH<br \/>EXTRACTABLE SIPHON<br \/>FOR SHOWER TRAY <br \/>WITH HOLE \u00d860mm<\/p>\n<p>[\/et_pb_blurb][\/et_pb_column][et_pb_column type=&#8221;1_4&#8243; _builder_version=&#8221;4.21.0&#8243; _module_preset=&#8221;default&#8221; global_colors_info=&#8221;{}&#8221;][et_pb_blurb title=&#8221;826-F50&#8243; image=&#8221;https:\/\/www.vicariosrl.com\/wp-content\/uploads\/2023\/06\/piletta-doccia-shower-drain-826-F50.jpg&#8221; alt=&#8221;shower drain&#8221; _builder_version=&#8221;4.23&#8243; _module_preset=&#8221;default&#8221; header_level=&#8221;h5&#8243; header_text_align=&#8221;center&#8221; header_text_color=&#8221;#000000&#8243; header_line_height=&#8221;1.2em&#8221; global_colors_info=&#8221;{}&#8221;]<\/p>\n<p style=\"text-align: center;\">WASTE WITH <br \/>EXTRACTABLE SIPHON<br \/>FOR SHOWER TRAY <br \/>WITH HOLE \u00d850mm<\/p>\n<p>[\/et_pb_blurb][\/et_pb_column][et_pb_column type=&#8221;1_4&#8243; _builder_version=&#8221;4.21.0&#8243; _module_preset=&#8221;default&#8221; global_colors_info=&#8221;{}&#8221;][et_pb_blurb title=&#8221;826\/SACP&#8221; image=&#8221;https:\/\/www.vicariosrl.com\/wp-content\/uploads\/2023\/06\/piletta-doccia-shower-drain-826-SACP.jpg&#8221; alt=&#8221;shower drain&#8221; _builder_version=&#8221;4.23&#8243; _module_preset=&#8221;default&#8221; header_level=&#8221;h5&#8243; header_text_align=&#8221;center&#8221; header_text_color=&#8221;#000000&#8243; header_line_height=&#8221;1.2em&#8221; global_colors_info=&#8221;{}&#8221;]<\/p>\n<p style=\"text-align: center;\">LOW WASTE<br \/>WITH REMOVABLE SIPHON <br \/>FOR SHOWER TRAY <br \/>WITH HOLE \u00d860mm<\/p>\n<p>[\/et_pb_blurb][\/et_pb_column][et_pb_column type=&#8221;1_4&#8243; _builder_version=&#8221;4.21.0&#8243; _module_preset=&#8221;default&#8221; global_colors_info=&#8221;{}&#8221;][et_pb_blurb title=&#8221;027&#8243; image=&#8221;https:\/\/www.vicariosrl.com\/wp-content\/uploads\/2023\/06\/piletta-doccia-shower-drain-027.jpg&#8221; alt=&#8221;connection&#8221; _builder_version=&#8221;4.23&#8243; _module_preset=&#8221;default&#8221; header_level=&#8221;h5&#8243; header_text_align=&#8221;center&#8221; header_text_color=&#8221;#000000&#8243; header_line_height=&#8221;1.2em&#8221; global_colors_info=&#8221;{}&#8221;]<\/p>\n<p style=\"text-align: center;\">45\u00b0 ELBOW<br \/>FOR SHOWER DRAIN<\/p>\n<p>[\/et_pb_blurb][\/et_pb_column][\/et_pb_row][et_pb_row admin_label=&#8221;separator&#8221; _builder_version=&#8221;4.21.0&#8243; _module_preset=&#8221;default&#8221; collapsed=&#8221;on&#8221; global_colors_info=&#8221;{}&#8221;][et_pb_column type=&#8221;4_4&#8243; _builder_version=&#8221;4.21.0&#8243; _module_preset=&#8221;default&#8221; global_colors_info=&#8221;{}&#8221;][et_pb_divider _builder_version=&#8221;4.21.0&#8243; _module_preset=&#8221;default&#8221; global_colors_info=&#8221;{}&#8221;][\/et_pb_divider][\/et_pb_column][\/et_pb_row][et_pb_row column_structure=&#8221;1_4,1_4,1_4,1_4&#8243; admin_label=&#8221;products&#8221; _builder_version=&#8221;4.21.0&#8243; _module_preset=&#8221;default&#8221; custom_padding=&#8221;0px|||||&#8221; collapsed=&#8221;on&#8221; global_colors_info=&#8221;{}&#8221;][et_pb_column type=&#8221;1_4&#8243; _builder_version=&#8221;4.21.0&#8243; _module_preset=&#8221;default&#8221; global_colors_info=&#8221;{}&#8221;][et_pb_blurb title=&#8221;836&#8243; image=&#8221;https:\/\/www.vicariosrl.com\/wp-content\/uploads\/2023\/06\/piletta-doccia-shower-drain-836.jpg&#8221; alt=&#8221;shower drain&#8221; _builder_version=&#8221;4.23&#8243; _module_preset=&#8221;default&#8221; header_level=&#8221;h5&#8243; header_text_align=&#8221;center&#8221; header_text_color=&#8221;#000000&#8243; header_line_height=&#8221;1.2em&#8221; global_colors_info=&#8221;{}&#8221;]<\/p>\n<p style=\"text-align: center;\">WASTE WITH<br \/>EXTRACTABLE SIHPON<br \/>FOR SHOWER TRAY<br \/>WITH HOLE \u00d890mm<\/p>\n<p>[\/et_pb_blurb][\/et_pb_column][et_pb_column type=&#8221;1_4&#8243; _builder_version=&#8221;4.21.0&#8243; _module_preset=&#8221;default&#8221; global_colors_info=&#8221;{}&#8221;][et_pb_blurb title=&#8221;836\/SACP&#8221; image=&#8221;https:\/\/www.vicariosrl.com\/wp-content\/uploads\/2023\/06\/piletta-doccia-shower-drain-836-SACP.jpg&#8221; alt=&#8221;shower drain&#8221; _builder_version=&#8221;4.23&#8243; _module_preset=&#8221;default&#8221; header_level=&#8221;h5&#8243; header_text_align=&#8221;center&#8221; header_text_color=&#8221;#000000&#8243; header_line_height=&#8221;1.2em&#8221; global_colors_info=&#8221;{}&#8221;]<\/p>\n<p style=\"text-align: center;\">LOW WASTE<br \/>WITH REMOVABLE SIPHON <br \/>FOR SHOWER TRAY <br \/>WITH HOLE \u00d890mm<\/p>\n<p>[\/et_pb_blurb][\/et_pb_column][et_pb_column type=&#8221;1_4&#8243; _builder_version=&#8221;4.21.0&#8243; _module_preset=&#8221;default&#8221; global_colors_info=&#8221;{}&#8221;][et_pb_blurb title=&#8221;836\/SA&#8221; image=&#8221;https:\/\/www.vicariosrl.com\/wp-content\/uploads\/2023\/06\/piletta-doccia-shower-drain-836-SA.jpg&#8221; alt=&#8221;shower drain&#8221; _builder_version=&#8221;4.23&#8243; _module_preset=&#8221;default&#8221; header_level=&#8221;h5&#8243; header_text_align=&#8221;center&#8221; header_text_color=&#8221;#000000&#8243; header_line_height=&#8221;1.2em&#8221; global_colors_info=&#8221;{}&#8221;]<\/p>\n<p style=\"text-align: center;\">LOW WASTE<br \/>WITH REMOVABLE SIPHON<br \/>FOR SHOWER TRAY<br \/>WITH HOLE \u00d890mm<br \/>WITHOUT COVER<br \/>PLASTIC FLANGE<\/p>\n<p>[\/et_pb_blurb][\/et_pb_column][et_pb_column type=&#8221;1_4&#8243; _builder_version=&#8221;4.21.0&#8243; _module_preset=&#8221;default&#8221; global_colors_info=&#8221;{}&#8221;][et_pb_blurb title=&#8221;836\/SAXF&#8221; image=&#8221;https:\/\/www.vicariosrl.com\/wp-content\/uploads\/2024\/03\/836-NFX-1.jpg&#8221; alt=&#8221;lowered drain for shower tray&#8221; _builder_version=&#8221;4.26.1&#8243; _module_preset=&#8221;default&#8221; header_level=&#8221;h5&#8243; header_text_align=&#8221;center&#8221; header_text_color=&#8221;#000000&#8243; header_line_height=&#8221;1.2em&#8221; hover_enabled=&#8221;0&#8243; global_colors_info=&#8221;{}&#8221; sticky_enabled=&#8221;0&#8243;]<\/p>\n<p style=\"text-align: center;\">LOW WASTE<br \/>WITH REMOVABLE SIPHON<br \/>FOR SHOWER TRAY<br \/>WITH HOLE \u00d890mm<br \/>WITHOUT COVER<br \/>STAINLESS STEEL FLANGE<br \/>WITH INTERNAL FILTER<\/p>\n<p>[\/et_pb_blurb][\/et_pb_column][\/et_pb_row][et_pb_row admin_label=&#8221;separator&#8221; _builder_version=&#8221;4.21.0&#8243; _module_preset=&#8221;default&#8221; collapsed=&#8221;on&#8221; global_colors_info=&#8221;{}&#8221;][et_pb_column type=&#8221;4_4&#8243; _builder_version=&#8221;4.21.0&#8243; _module_preset=&#8221;default&#8221; global_colors_info=&#8221;{}&#8221;][et_pb_divider _builder_version=&#8221;4.21.0&#8243; _module_preset=&#8221;default&#8221; global_colors_info=&#8221;{}&#8221;][\/et_pb_divider][\/et_pb_column][\/et_pb_row][et_pb_row column_structure=&#8221;1_4,1_4,1_4,1_4&#8243; admin_label=&#8221;products&#8221; _builder_version=&#8221;4.21.0&#8243; _module_preset=&#8221;default&#8221; custom_padding=&#8221;0px|||||&#8221; collapsed=&#8221;on&#8221; global_colors_info=&#8221;{}&#8221;][et_pb_column type=&#8221;1_4&#8243; _builder_version=&#8221;4.21.0&#8243; _module_preset=&#8221;default&#8221; global_colors_info=&#8221;{}&#8221;][et_pb_blurb title=&#8221;P870-DS1&#8243; image=&#8221;https:\/\/www.vicariosrl.com\/wp-content\/uploads\/2023\/06\/piletta-doccia-shower-drain-P870-DS1.jpg&#8221; alt=&#8221;shower drain&#8221; _builder_version=&#8221;4.23&#8243; _module_preset=&#8221;default&#8221; header_level=&#8221;h5&#8243; header_text_align=&#8221;center&#8221; header_text_color=&#8221;#000000&#8243; header_line_height=&#8221;1.2em&#8221; custom_padding=&#8221;||0px|||&#8221; global_colors_info=&#8221;{}&#8221;]<\/p>\n<p style=\"text-align: center;\">FLOOR DRAIN<br \/>WITH REMOVABLE SIPHON<br \/>GRID DESIGN 1<\/p>\n<p>[\/et_pb_blurb][\/et_pb_column][et_pb_column type=&#8221;1_4&#8243; _builder_version=&#8221;4.21.0&#8243; _module_preset=&#8221;default&#8221; global_colors_info=&#8221;{}&#8221;][et_pb_blurb title=&#8221;P870-DS2&#8243; image=&#8221;https:\/\/www.vicariosrl.com\/wp-content\/uploads\/2023\/10\/P870-DS2.jpg&#8221; alt=&#8221;shower drains at floor with siphon&#8221; _builder_version=&#8221;4.23&#8243; _module_preset=&#8221;default&#8221; header_level=&#8221;h5&#8243; header_text_align=&#8221;center&#8221; header_text_color=&#8221;#000000&#8243; header_line_height=&#8221;1.2em&#8221; global_colors_info=&#8221;{}&#8221;]<\/p>\n<p style=\"text-align: center;\">FLOOR DRAIN<br \/>WITH REMOVABLE SIPHON<br \/>GRID DESIGN 2<\/p>\n<p>[\/et_pb_blurb][\/et_pb_column][et_pb_column type=&#8221;1_4&#8243; _builder_version=&#8221;4.21.0&#8243; _module_preset=&#8221;default&#8221; global_colors_info=&#8221;{}&#8221;][\/et_pb_column][et_pb_column type=&#8221;1_4&#8243; _builder_version=&#8221;4.21.0&#8243; _module_preset=&#8221;default&#8221; global_colors_info=&#8221;{}&#8221;][\/et_pb_column][\/et_pb_row][et_pb_row admin_label=&#8221;separator&#8221; _builder_version=&#8221;4.21.0&#8243; _module_preset=&#8221;default&#8221; collapsed=&#8221;on&#8221; global_colors_info=&#8221;{}&#8221;][et_pb_column type=&#8221;4_4&#8243; _builder_version=&#8221;4.21.0&#8243; _module_preset=&#8221;default&#8221; global_colors_info=&#8221;{}&#8221;][et_pb_divider _builder_version=&#8221;4.21.0&#8243; _module_preset=&#8221;default&#8221; global_colors_info=&#8221;{}&#8221;][\/et_pb_divider][\/et_pb_column][\/et_pb_row][et_pb_row column_structure=&#8221;1_4,1_4,1_4,1_4&#8243; admin_label=&#8221;products&#8221; _builder_version=&#8221;4.21.0&#8243; _module_preset=&#8221;default&#8221; custom_padding=&#8221;0px|||||&#8221; collapsed=&#8221;on&#8221; global_colors_info=&#8221;{}&#8221;][et_pb_column type=&#8221;1_4&#8243; _builder_version=&#8221;4.21.0&#8243; _module_preset=&#8221;default&#8221; global_colors_info=&#8221;{}&#8221;][et_pb_blurb title=&#8221;PZ-01&#8243; image=&#8221;https:\/\/www.vicariosrl.com\/wp-content\/uploads\/2023\/06\/piletta-doccia-shower-drain-PZ-01.jpg&#8221; alt=&#8221;shower drain&#8221; _builder_version=&#8221;4.23&#8243; _module_preset=&#8221;default&#8221; header_level=&#8221;h5&#8243; header_text_align=&#8221;center&#8221; header_text_color=&#8221;#000000&#8243; header_line_height=&#8221;1.2em&#8221; global_colors_info=&#8221;{}&#8221;]<\/p>\n<p style=\"text-align: center;\">FLOOR DRAIN<br \/>WITH REMOVABLE SIPHON<br \/>STAINLESS STEEL GRID<\/p>\n<p>[\/et_pb_blurb][\/et_pb_column][et_pb_column type=&#8221;1_4&#8243; _builder_version=&#8221;4.21.0&#8243; _module_preset=&#8221;default&#8221; global_colors_info=&#8221;{}&#8221;][et_pb_blurb title=&#8221;PZ-03P&#8221; image=&#8221;https:\/\/www.vicariosrl.com\/wp-content\/uploads\/2023\/06\/piletta-doccia-shower-drain-PZ-03P.jpg&#8221; alt=&#8221;shower drain&#8221; _builder_version=&#8221;4.23&#8243; _module_preset=&#8221;default&#8221; header_level=&#8221;h5&#8243; header_text_align=&#8221;center&#8221; header_text_color=&#8221;#000000&#8243; header_line_height=&#8221;1.2em&#8221; global_colors_info=&#8221;{}&#8221;]<\/p>\n<p style=\"text-align: center;\">FLOOR DRAIN<br \/>WITH REMOVABLE SIPHON<br \/>TILEABLE GRID<\/p>\n<p>[\/et_pb_blurb][\/et_pb_column][et_pb_column type=&#8221;1_4&#8243; _builder_version=&#8221;4.21.0&#8243; _module_preset=&#8221;default&#8221; global_colors_info=&#8221;{}&#8221;][et_pb_blurb title=&#8221;P875&#8243; image=&#8221;https:\/\/www.vicariosrl.com\/wp-content\/uploads\/2023\/06\/piletta-doccia-shower-drain-P875.jpg&#8221; alt=&#8221;shower drain&#8221; _builder_version=&#8221;4.23&#8243; _module_preset=&#8221;default&#8221; header_level=&#8221;h5&#8243; header_text_align=&#8221;center&#8221; header_text_color=&#8221;#000000&#8243; header_line_height=&#8221;1.2em&#8221; global_colors_info=&#8221;{}&#8221;]<\/p>\n<p style=\"text-align: center;\">SIPHONED DRAIN <br \/>FLOOR DRAIN<br \/>STAINLESS STEEL GRID<\/p>\n<p>[\/et_pb_blurb][\/et_pb_column][et_pb_column type=&#8221;1_4&#8243; _builder_version=&#8221;4.21.0&#8243; _module_preset=&#8221;default&#8221; global_colors_info=&#8221;{}&#8221;][\/et_pb_column][\/et_pb_row][et_pb_row admin_label=&#8221;separator&#8221; _builder_version=&#8221;4.21.0&#8243; _module_preset=&#8221;default&#8221; collapsed=&#8221;on&#8221; global_colors_info=&#8221;{}&#8221;][et_pb_column type=&#8221;4_4&#8243; _builder_version=&#8221;4.21.0&#8243; _module_preset=&#8221;default&#8221; global_colors_info=&#8221;{}&#8221;][et_pb_divider _builder_version=&#8221;4.21.0&#8243; _module_preset=&#8221;default&#8221; global_colors_info=&#8221;{}&#8221;][\/et_pb_divider][\/et_pb_column][\/et_pb_row][\/et_pb_section][et_pb_section fb_built=&#8221;1&#8243; admin_label=&#8221;contatti ita&#8221; _builder_version=&#8221;4.21.0&#8243; _module_preset=&#8221;default&#8221; custom_padding=&#8221;2px||0px|||&#8221; collapsed=&#8221;off&#8221; global_colors_info=&#8221;{}&#8221;][et_pb_row column_structure=&#8221;1_2,1_2&#8243; _builder_version=&#8221;4.21.0&#8243; _module_preset=&#8221;default&#8221; collapsed=&#8221;off&#8221; global_colors_info=&#8221;{}&#8221;][et_pb_column type=&#8221;1_2&#8243; _builder_version=&#8221;4.21.0&#8243; _module_preset=&#8221;default&#8221; global_colors_info=&#8221;{}&#8221;][et_pb_contact_form email=&#8221;info@vicariosrl.com&#8221; title=&#8221;Contact us by this form:&#8221; custom_message=&#8221;Message received from the web contact form:||et_pb_line_break_holder||||et_pb_line_break_holder||Name: %%first name%||et_pb_line_break_holder||||et_pb_line_break_holder||Surname: %%last name%||et_pb_line_break_holder||||et_pb_line_break_holder||Telephone: %%telephone%%||et_pb_line_break_holder||||et_pb_line_break_holder||E-mail: %%email%%|et_pb_line_break_holder||||et_pb_line_break_holder||Sector: %%sector%%|et_pb_line_break_holder||||et_pb_line_break_holder||Message: %%message%%%.&#8221; _builder_version=&#8221;4.23.4&#8243; _module_preset=&#8221;default&#8221; form_field_text_color=&#8221;#000000&#8243; title_level=&#8221;h4&#8243; title_font=&#8221;Cairo||||||||&#8221; captcha_font=&#8221;Cairo||||||||&#8221; captcha_text_color=&#8221;#000000&#8243; form_field_font_size=&#8221;11px&#8221; custom_button=&#8221;on&#8221; button_text_size=&#8221;14px&#8221; button_text_color=&#8221;#000000&#8243; button_bg_color=&#8221;rgba(214,214,214,0.7)&#8221; button_border_width=&#8221;1px&#8221; button_font=&#8221;Cairo||||||||&#8221; button_icon=&#8221;&#x3d;||divi||400&#8243; button_on_hover=&#8221;off&#8221; width=&#8221;100%&#8221; module_alignment=&#8221;left&#8221; min_height=&#8221;390.6px&#8221; custom_margin=&#8221;|422px|-40px|||&#8221; custom_padding=&#8221;||34px|||&#8221; border_width_all=&#8221;1px&#8221; global_colors_info=&#8221;{}&#8221;][et_pb_contact_field field_id=&#8221;nome&#8221; field_title=&#8221;Name&#8221; allowed_symbols=&#8221;letters&#8221; _builder_version=&#8221;4.21.0&#8243; global_colors_info=&#8221;{}&#8221; button_text_size__hover_enabled=&#8221;off&#8221; button_one_text_size__hover_enabled=&#8221;off&#8221; button_two_text_size__hover_enabled=&#8221;off&#8221; button_text_color__hover_enabled=&#8221;off&#8221; button_one_text_color__hover_enabled=&#8221;off&#8221; button_two_text_color__hover_enabled=&#8221;off&#8221; button_border_width__hover_enabled=&#8221;off&#8221; button_one_border_width__hover_enabled=&#8221;off&#8221; button_two_border_width__hover_enabled=&#8221;off&#8221; button_border_color__hover_enabled=&#8221;off&#8221; button_one_border_color__hover_enabled=&#8221;off&#8221; button_two_border_color__hover_enabled=&#8221;off&#8221; button_border_radius__hover_enabled=&#8221;off&#8221; button_one_border_radius__hover_enabled=&#8221;off&#8221; button_two_border_radius__hover_enabled=&#8221;off&#8221; button_letter_spacing__hover_enabled=&#8221;off&#8221; button_one_letter_spacing__hover_enabled=&#8221;off&#8221; button_two_letter_spacing__hover_enabled=&#8221;off&#8221; button_bg_color__hover_enabled=&#8221;off&#8221; button_one_bg_color__hover_enabled=&#8221;off&#8221; button_two_bg_color__hover_enabled=&#8221;off&#8221;][\/et_pb_contact_field][et_pb_contact_field field_id=&#8221;cognome&#8221; field_title=&#8221;Surname&#8221; allowed_symbols=&#8221;letters&#8221; _builder_version=&#8221;4.21.0&#8243; _module_preset=&#8221;default&#8221; global_colors_info=&#8221;{}&#8221;][\/et_pb_contact_field][et_pb_contact_field field_id=&#8221;email&#8221; field_title=&#8221;E-mail&#8221; field_type=&#8221;email&#8221; _builder_version=&#8221;4.21.0&#8243; global_colors_info=&#8221;{}&#8221; button_text_size__hover_enabled=&#8221;off&#8221; button_one_text_size__hover_enabled=&#8221;off&#8221; button_two_text_size__hover_enabled=&#8221;off&#8221; button_text_color__hover_enabled=&#8221;off&#8221; button_one_text_color__hover_enabled=&#8221;off&#8221; button_two_text_color__hover_enabled=&#8221;off&#8221; button_border_width__hover_enabled=&#8221;off&#8221; button_one_border_width__hover_enabled=&#8221;off&#8221; button_two_border_width__hover_enabled=&#8221;off&#8221; button_border_color__hover_enabled=&#8221;off&#8221; button_one_border_color__hover_enabled=&#8221;off&#8221; button_two_border_color__hover_enabled=&#8221;off&#8221; button_border_radius__hover_enabled=&#8221;off&#8221; button_one_border_radius__hover_enabled=&#8221;off&#8221; button_two_border_radius__hover_enabled=&#8221;off&#8221; button_letter_spacing__hover_enabled=&#8221;off&#8221; button_one_letter_spacing__hover_enabled=&#8221;off&#8221; button_two_letter_spacing__hover_enabled=&#8221;off&#8221; button_bg_color__hover_enabled=&#8221;off&#8221; button_one_bg_color__hover_enabled=&#8221;off&#8221; button_two_bg_color__hover_enabled=&#8221;off&#8221;][\/et_pb_contact_field][et_pb_contact_field field_id=&#8221;telefono&#8221; field_title=&#8221;Phone&#8221; allowed_symbols=&#8221;numbers&#8221; _builder_version=&#8221;4.21.0&#8243; _module_preset=&#8221;default&#8221; global_colors_info=&#8221;{}&#8221;][\/et_pb_contact_field][et_pb_contact_field field_id=&#8221;settore&#8221; field_title=&#8221;Sector&#8221; field_type=&#8221;select&#8221; select_options=&#8221;%91{%22value%22:%22Company%22,%22checked%22:0,%22dragID%22:-1},{%22value%22:%22Re-seller%22,%22checked%22:0,%22dragID%22:0},{%22value%22:%22Installator%22,%22checked%22:0,%22dragID%22:1},{%22value%22:%22Private%22,%22checked%22:0,%22dragID%22:2}%93&#8243; _builder_version=&#8221;4.21.0&#8243; _module_preset=&#8221;default&#8221; global_colors_info=&#8221;{}&#8221;][\/et_pb_contact_field][et_pb_contact_field field_id=&#8221;messaggio&#8221; field_title=&#8221;Message&#8221; field_type=&#8221;text&#8221; fullwidth_field=&#8221;on&#8221; _builder_version=&#8221;4.21.0&#8243; global_colors_info=&#8221;{}&#8221; button_text_size__hover_enabled=&#8221;off&#8221; button_one_text_size__hover_enabled=&#8221;off&#8221; button_two_text_size__hover_enabled=&#8221;off&#8221; button_text_color__hover_enabled=&#8221;off&#8221; button_one_text_color__hover_enabled=&#8221;off&#8221; button_two_text_color__hover_enabled=&#8221;off&#8221; button_border_width__hover_enabled=&#8221;off&#8221; button_one_border_width__hover_enabled=&#8221;off&#8221; button_two_border_width__hover_enabled=&#8221;off&#8221; button_border_color__hover_enabled=&#8221;off&#8221; button_one_border_color__hover_enabled=&#8221;off&#8221; button_two_border_color__hover_enabled=&#8221;off&#8221; button_border_radius__hover_enabled=&#8221;off&#8221; button_one_border_radius__hover_enabled=&#8221;off&#8221; button_two_border_radius__hover_enabled=&#8221;off&#8221; button_letter_spacing__hover_enabled=&#8221;off&#8221; button_one_letter_spacing__hover_enabled=&#8221;off&#8221; button_two_letter_spacing__hover_enabled=&#8221;off&#8221; button_bg_color__hover_enabled=&#8221;off&#8221; button_one_bg_color__hover_enabled=&#8221;off&#8221; button_two_bg_color__hover_enabled=&#8221;off&#8221;][\/et_pb_contact_field][et_pb_contact_field field_id=&#8221;GDPR&#8221; field_title=&#8221; &#8221; field_type=&#8221;checkbox&#8221; checkbox_options=&#8221;%91{%22value%22:%22 I consent to the processing of my personal data according to GDPR 679\\\/2016%22,%22checked%22:0,%22dragID%22:-1}%93&#8243; fullwidth_field=&#8221;on&#8221; _builder_version=&#8221;4.21.0&#8243; _module_preset=&#8221;default&#8221; form_field_font_size=&#8221;13px&#8221; text_orientation=&#8221;center&#8221; width=&#8221;100%&#8221; global_colors_info=&#8221;{}&#8221;][\/et_pb_contact_field][\/et_pb_contact_form][\/et_pb_column][et_pb_column type=&#8221;1_2&#8243; _builder_version=&#8221;4.21.0&#8243; _module_preset=&#8221;default&#8221; global_colors_info=&#8221;{}&#8221;][et_pb_code admin_label=&#8221;Map&#8221; _builder_version=&#8221;4.21.0&#8243; _module_preset=&#8221;default&#8221; width=&#8221;100%&#8221; min_height=&#8221;393.3px&#8221; custom_padding=&#8221;||31px|||&#8221; global_colors_info=&#8221;{}&#8221;]<iframe src=\"https:\/\/www.google.com\/maps\/embed?pb=!1m18!1m12!1m3!1d2786.2587500141076!2d8.457392074947945!3d45.70584571728507!2m3!1f0!2f0!3f0!3m2!1i1024!2i768!4f13.1!3m3!1m2!1s0x47866d02e9cace3d%3A0xdce634c89e64638!2sVicario%20srl!5e0!3m2!1sit!2sit!4v1685191605027!5m2!1sit!2sit\" width=\"600\" height=\"450\" style=\"border:0;\" allowfullscreen=\"\" loading=\"lazy\" referrerpolicy=\"no-referrer-when-downgrade\"><\/iframe>[\/et_pb_code][\/et_pb_column][\/et_pb_row][\/et_pb_section]<\/p>\n","protected":false},"excerpt":{"rendered":"<p>SHOWER DRAINSWASTE WITHEXTRACTABLE SIPHONFOR SHOWER TRAY WITH HOLE \u00d860mmWASTE WITH EXTRACTABLE SIPHONFOR SHOWER TRAY WITH HOLE \u00d850mmLOW WASTEWITH REMOVABLE SIPHON FOR SHOWER TRAY WITH HOLE \u00d860mm45\u00b0 ELBOWFOR SHOWER DRAINWASTE WITHEXTRACTABLE SIHPONFOR SHOWER TRAYWITH HOLE \u00d890mmLOW WASTEWITH REMOVABLE SIPHON FOR SHOWER TRAY WITH HOLE \u00d890mmLOW WASTEWITH REMOVABLE SIPHONFOR SHOWER TRAYWITH HOLE \u00d890mmWITHOUT COVERPLASTIC FLANGELOW WASTEWITH REMOVABLE [&hellip;]<\/p>\n","protected":false},"author":1,"featured_media":0,"parent":4218,"menu_order":0,"comment_status":"closed","ping_status":"closed","template":"","meta":{"_et_pb_use_builder":"on","_et_pb_old_content":"","_et_gb_content_width":"","_monsterinsights_skip_tracking":false,"_monsterinsights_sitenote_active":false,"_monsterinsights_sitenote_note":"","_monsterinsights_sitenote_category":0,"footnotes":""},"class_list":["post-4282","page","type-page","status-publish","hentry"],"_links":{"self":[{"href":"https:\/\/www.vicariosrl.com\/en\/wp-json\/wp\/v2\/pages\/4282","targetHints":{"allow":["GET"]}}],"collection":[{"href":"https:\/\/www.vicariosrl.com\/en\/wp-json\/wp\/v2\/pages"}],"about":[{"href":"https:\/\/www.vicariosrl.com\/en\/wp-json\/wp\/v2\/types\/page"}],"author":[{"embeddable":true,"href":"https:\/\/www.vicariosrl.com\/en\/wp-json\/wp\/v2\/users\/1"}],"replies":[{"embeddable":true,"href":"https:\/\/www.vicariosrl.com\/en\/wp-json\/wp\/v2\/comments?post=4282"}],"version-history":[{"count":45,"href":"https:\/\/www.vicariosrl.com\/en\/wp-json\/wp\/v2\/pages\/4282\/revisions"}],"predecessor-version":[{"id":7598,"href":"https:\/\/www.vicariosrl.com\/en\/wp-json\/wp\/v2\/pages\/4282\/revisions\/7598"}],"up":[{"embeddable":true,"href":"https:\/\/www.vicariosrl.com\/en\/wp-json\/wp\/v2\/pages\/4218"}],"wp:attachment":[{"href":"https:\/\/www.vicariosrl.com\/en\/wp-json\/wp\/v2\/media?parent=4282"}],"curies":[{"name":"wp","href":"https:\/\/api.w.org\/{rel}","templated":true}]}}